{"id":123,"date":"2024-03-25T15:24:56","date_gmt":"2024-03-25T15:24:56","guid":{"rendered":"http:\/\/deals2b.eu\/deals2b-marktplatz\/"},"modified":"2024-04-03T16:32:43","modified_gmt":"2024-04-03T16:32:43","slug":"deals2b-marktplatz","status":"publish","type":"page","link":"https:\/\/deals2b.eu\/de\/deals2b-marktplatz\/","title":{"rendered":"Deals2B-Marktplatz"},"content":{"rendered":"\n<h2 class=\"wp-block-heading\">Deals2B<br\/>Marktplatz<\/h2>\n\n<p>ist eine hochmoderne digitale Plattform, die Unternehmen mit Lieferanten und K\u00e4ufern von standardisierten G\u00fctern und Halbfertigprodukten zusammenbringt. Unser KI-gest\u00fctzter Concierge-Service rationalisiert den Beschaffungs- und Verkaufsprozess f\u00fcr Unternehmen jeder Gr\u00f6\u00dfe und sorgt f\u00fcr ein nahtloses und effizientes Erlebnis.<\/p>\n","protected":false},"excerpt":{"rendered":"<p>Deals2BMarktplatz ist eine hochmoderne digitale Plattform, die Unternehmen mit Lieferanten und K\u00e4ufern von standardisierten G\u00fctern und Halbfertigprodukten zusammenbringt. Unser KI-gest\u00fctzter Concierge-Service rationalisiert den Beschaffungs- und Verkaufsprozess f\u00fcr Unternehmen jeder Gr\u00f6\u00dfe und sorgt f\u00fcr ein nahtloses und effizientes Erlebnis.<\/p>\n","protected":false},"author":1,"featured_media":0,"parent":0,"menu_order":0,"comment_status":"closed","ping_status":"closed","template":"templates\/custom-page.php","meta":{"_acf_changed":false,"footnotes":""},"class_list":["post-123","page","type-page","status-publish","hentry"],"acf":[],"_links":{"self":[{"href":"https:\/\/deals2b.eu\/de\/wp-json\/wp\/v2\/pages\/123","targetHints":{"allow":["GET"]}}],"collection":[{"href":"https:\/\/deals2b.eu\/de\/wp-json\/wp\/v2\/pages"}],"about":[{"href":"https:\/\/deals2b.eu\/de\/wp-json\/wp\/v2\/types\/page"}],"author":[{"embeddable":true,"href":"https:\/\/deals2b.eu\/de\/wp-json\/wp\/v2\/users\/1"}],"replies":[{"embeddable":true,"href":"https:\/\/deals2b.eu\/de\/wp-json\/wp\/v2\/comments?post=123"}],"version-history":[{"count":3,"href":"https:\/\/deals2b.eu\/de\/wp-json\/wp\/v2\/pages\/123\/revisions"}],"predecessor-version":[{"id":126,"href":"https:\/\/deals2b.eu\/de\/wp-json\/wp\/v2\/pages\/123\/revisions\/126"}],"wp:attachment":[{"href":"https:\/\/deals2b.eu\/de\/wp-json\/wp\/v2\/media?parent=123"}],"curies":[{"name":"wp","href":"https:\/\/api.w.org\/{rel}","templated":true}]}}