{"id":127,"date":"2024-03-22T20:13:57","date_gmt":"2024-03-22T20:13:57","guid":{"rendered":"http:\/\/deals2b.eu\/hauptseite\/"},"modified":"2024-04-03T16:32:48","modified_gmt":"2024-04-03T16:32:48","slug":"hauptseite","status":"publish","type":"page","link":"https:\/\/deals2b.eu\/de\/","title":{"rendered":"Hauptseite"},"content":{"rendered":"\n<h2 class=\"wp-block-heading\">Ihr Tor zum automatisierten Handel weltweit<\/h2>\n\n<p>Deals2B ist f\u00fchrend in der Automatisierung und Digitalisierung des Handels mit standardisierten G\u00fctern und C-Artikeln. Wir bieten innovative L\u00f6sungen, die unseren Kunden ein H\u00f6chstma\u00df an Effizienz und Komfort bieten.<\/p>\n","protected":false},"excerpt":{"rendered":"<p>Ihr Tor zum automatisierten Handel weltweit Deals2B ist f\u00fchrend in der Automatisierung und Digitalisierung des Handels mit standardisierten G\u00fctern und C-Artikeln. Wir bieten innovative L\u00f6sungen, die unseren Kunden ein H\u00f6chstma\u00df an Effizienz und Komfort bieten.<\/p>\n","protected":false},"author":1,"featured_media":0,"parent":0,"menu_order":0,"comment_status":"closed","ping_status":"open","template":"templates\/home-page.php","meta":{"_acf_changed":false,"footnotes":""},"class_list":["post-127","page","type-page","status-publish","hentry"],"acf":[],"_links":{"self":[{"href":"https:\/\/deals2b.eu\/de\/wp-json\/wp\/v2\/pages\/127","targetHints":{"allow":["GET"]}}],"collection":[{"href":"https:\/\/deals2b.eu\/de\/wp-json\/wp\/v2\/pages"}],"about":[{"href":"https:\/\/deals2b.eu\/de\/wp-json\/wp\/v2\/types\/page"}],"author":[{"embeddable":true,"href":"https:\/\/deals2b.eu\/de\/wp-json\/wp\/v2\/users\/1"}],"replies":[{"embeddable":true,"href":"https:\/\/deals2b.eu\/de\/wp-json\/wp\/v2\/comments?post=127"}],"version-history":[{"count":1,"href":"https:\/\/deals2b.eu\/de\/wp-json\/wp\/v2\/pages\/127\/revisions"}],"predecessor-version":[{"id":128,"href":"https:\/\/deals2b.eu\/de\/wp-json\/wp\/v2\/pages\/127\/revisions\/128"}],"wp:attachment":[{"href":"https:\/\/deals2b.eu\/de\/wp-json\/wp\/v2\/media?parent=127"}],"curies":[{"name":"wp","href":"https:\/\/api.w.org\/{rel}","templated":true}]}}