{"id":130,"date":"2024-03-25T15:24:44","date_gmt":"2024-03-25T15:24:44","guid":{"rendered":"http:\/\/deals2b.eu\/werkstoff-brokerage-handelsplattform\/"},"modified":"2024-04-03T16:32:55","modified_gmt":"2024-04-03T16:32:55","slug":"werkstoff-brokerage-handelsplattform","status":"publish","type":"page","link":"https:\/\/deals2b.eu\/de\/werkstoff-brokerage-handelsplattform\/","title":{"rendered":"Werkstoff-Brokerage &amp; Handelsplattform"},"content":{"rendered":"\n<h2 class=\"wp-block-heading\">Die Materialvermittlung  <br\/>&amp; Handelsplattform<\/h2>\n\n<p>ist eine umfassende digitale L\u00f6sung, die den Beschaffungs- und Verkaufsprozess f\u00fcr standardisierte Waren und Halbfertigprodukte vereinfacht und automatisiert. Unsere Plattform ist f\u00fcr Unternehmen jeder Gr\u00f6\u00dfe konzipiert und dient als pers\u00f6nlicher Concierge, der effiziente, zuverl\u00e4ssige und nahtlose Transaktionen gew\u00e4hrleistet.<\/p>\n","protected":false},"excerpt":{"rendered":"<p>Die Materialvermittlung &amp; Handelsplattform ist eine umfassende digitale L\u00f6sung, die den Beschaffungs- und Verkaufsprozess f\u00fcr standardisierte Waren und Halbfertigprodukte vereinfacht und automatisiert. Unsere Plattform ist f\u00fcr Unternehmen jeder Gr\u00f6\u00dfe konzipiert und dient als pers\u00f6nlicher Concierge, der effiziente, zuverl\u00e4ssige und nahtlose Transaktionen gew\u00e4hrleistet.<\/p>\n","protected":false},"author":1,"featured_media":0,"parent":0,"menu_order":0,"comment_status":"closed","ping_status":"closed","template":"templates\/custom-page.php","meta":{"_acf_changed":false,"footnotes":""},"class_list":["post-130","page","type-page","status-publish","hentry"],"acf":[],"_links":{"self":[{"href":"https:\/\/deals2b.eu\/de\/wp-json\/wp\/v2\/pages\/130","targetHints":{"allow":["GET"]}}],"collection":[{"href":"https:\/\/deals2b.eu\/de\/wp-json\/wp\/v2\/pages"}],"about":[{"href":"https:\/\/deals2b.eu\/de\/wp-json\/wp\/v2\/types\/page"}],"author":[{"embeddable":true,"href":"https:\/\/deals2b.eu\/de\/wp-json\/wp\/v2\/users\/1"}],"replies":[{"embeddable":true,"href":"https:\/\/deals2b.eu\/de\/wp-json\/wp\/v2\/comments?post=130"}],"version-history":[{"count":1,"href":"https:\/\/deals2b.eu\/de\/wp-json\/wp\/v2\/pages\/130\/revisions"}],"predecessor-version":[{"id":131,"href":"https:\/\/deals2b.eu\/de\/wp-json\/wp\/v2\/pages\/130\/revisions\/131"}],"wp:attachment":[{"href":"https:\/\/deals2b.eu\/de\/wp-json\/wp\/v2\/media?parent=130"}],"curies":[{"name":"wp","href":"https:\/\/api.w.org\/{rel}","templated":true}]}}