{"id":133,"date":"2024-03-25T15:24:32","date_gmt":"2024-03-25T15:24:32","guid":{"rendered":"http:\/\/deals2b.eu\/ausschreibungen-ai-business-suite\/"},"modified":"2024-04-03T16:32:56","modified_gmt":"2024-04-03T16:32:56","slug":"ausschreibungen-ai-business-suite","status":"publish","type":"page","link":"https:\/\/deals2b.eu\/de\/ausschreibungen-ai-business-suite\/","title":{"rendered":"Ausschreibungen AI Business Suite"},"content":{"rendered":"\n<h2 class=\"wp-block-heading\">Die Ausschreibungen<br\/>AI Business Suite<\/h2>\n\n<p>ist eine hochmoderne L\u00f6sung zur Rationalisierung und Automatisierung des Ausschreibungsverfahrens f\u00fcr Generalunternehmer. Mit Hilfe k\u00fcnstlicher Intelligenz hilft unsere Plattform den Nutzern, jeden Aspekt des Ausschreibungsprozesses zu bew\u00e4ltigen, von der Suche nach geeigneten Angeboten \u00fcber die Extraktion von Schl\u00fcsselinformationen bis hin zur Erstellung datengest\u00fctzter Empfehlungen.<\/p>\n","protected":false},"excerpt":{"rendered":"<p>Die AusschreibungenAI Business Suite ist eine hochmoderne L\u00f6sung zur Rationalisierung und Automatisierung des Ausschreibungsverfahrens f\u00fcr Generalunternehmer. Mit Hilfe k\u00fcnstlicher Intelligenz hilft unsere Plattform den Nutzern, jeden Aspekt des Ausschreibungsprozesses zu bew\u00e4ltigen, von der Suche nach geeigneten Angeboten \u00fcber die Extraktion von Schl\u00fcsselinformationen bis hin zur Erstellung datengest\u00fctzter Empfehlungen.<\/p>\n","protected":false},"author":1,"featured_media":0,"parent":0,"menu_order":0,"comment_status":"closed","ping_status":"closed","template":"templates\/custom-page.php","meta":{"_acf_changed":false,"footnotes":""},"class_list":["post-133","page","type-page","status-publish","hentry"],"acf":[],"_links":{"self":[{"href":"https:\/\/deals2b.eu\/de\/wp-json\/wp\/v2\/pages\/133","targetHints":{"allow":["GET"]}}],"collection":[{"href":"https:\/\/deals2b.eu\/de\/wp-json\/wp\/v2\/pages"}],"about":[{"href":"https:\/\/deals2b.eu\/de\/wp-json\/wp\/v2\/types\/page"}],"author":[{"embeddable":true,"href":"https:\/\/deals2b.eu\/de\/wp-json\/wp\/v2\/users\/1"}],"replies":[{"embeddable":true,"href":"https:\/\/deals2b.eu\/de\/wp-json\/wp\/v2\/comments?post=133"}],"version-history":[{"count":1,"href":"https:\/\/deals2b.eu\/de\/wp-json\/wp\/v2\/pages\/133\/revisions"}],"predecessor-version":[{"id":135,"href":"https:\/\/deals2b.eu\/de\/wp-json\/wp\/v2\/pages\/133\/revisions\/135"}],"wp:attachment":[{"href":"https:\/\/deals2b.eu\/de\/wp-json\/wp\/v2\/media?parent=133"}],"curies":[{"name":"wp","href":"https:\/\/api.w.org\/{rel}","templated":true}]}}